{"id":11,"date":"2024-01-10T17:17:09","date_gmt":"2024-01-10T17:17:09","guid":{"rendered":"http:\/\/coocroaster.com\/?page_id=3"},"modified":"2024-01-10T17:17:09","modified_gmt":"2024-01-10T17:17:09","slug":"reklamacia-poskodeny-tovar-vratenie","status":"publish","type":"page","link":"https:\/\/www.coocroaster.com\/sk\/reklamacia-poskodeny-tovar-vratenie\/","title":{"rendered":"Complaints, Damages, Returns"},"content":{"rendered":"<h3 class=\"wp-block-heading\">Reklam\u00e1cia, po\u0161koden\u00fd tovar, vr\u00e1tenie<\/h3>\n<p>We kindly request that you utilise the aforementioned buttons, which streamline the entire process for returning goods or making complaints. We always endeavour to act promptly and fairly.<\/p>\n<p>In some cases, it may be sufficient to simply provide photographic or video evidence of the issue along with a description. There is no need to send the goods by post. This will save time and shipping costs, so please use the buttons above, where you can also upload photos.<\/p>\n<p>Goods should be returned in an unworn, dry and clean condition. In the event that the returned goods are used or incomplete (for example, without packaging), we reserve the right to reduce the refund amount by the cost of restoring the item to its original condition in accordance with the law and the terms and conditions. It is reasonable to assume that customers would prefer to purchase goods from a seller who has not previously used them.<\/p>\n<p>Please be advised that goods should not be returned to us on delivery. Any such goods will not be accepted upon delivery.<\/p>\n<p>In the event that your package is damaged, which is an extremely rare occurrence, please notify the carrier and complete a damage report. If this is not the case, please notify us at your earliest convenience via the above form.<\/p>\n<p>Should you opt to send the goods directly to the address below, please note that this method may incur additional costs compared to using our carrier service, which we will provide you with during the return or complaint process via the above buttons.<\/p>\n<p>Withdrawal form<\/p>\n<p>Complaint form<\/p>\n<p>Address for return or complaint:<\/p>\n<table>\n<tbody>\n<tr>\n<td>COOC, s,r,o,<\/td>\n<\/tr>\n<tr>\n<td>(Complaint\/Return)<\/td>\n<\/tr>\n<tr>\n<td>Rozvodn\u00e1<\/td>\n<\/tr>\n<tr>\n<td>83101 Bratislava, SK<\/td>\n<\/tr>\n<\/tbody>\n<\/table>","protected":false},"excerpt":{"rendered":"<p>Reklam\u00e1cia, po\u0161koden\u00fd tovar, vr\u00e1tenie We kindly request that you utilise the aforementioned buttons, which streamline the entire process for returning goods or making complaints. We always endeavour to act promptly and fairly. In some cases, it may be sufficient to simply provide photographic or video evidence of the issue along with a description. There is [&hellip;]<\/p>\n","protected":false},"author":1,"featured_media":0,"parent":0,"menu_order":0,"comment_status":"closed","ping_status":"closed","template":"","meta":{"footnotes":""},"class_list":["post-11","page","type-page","status-publish","hentry"],"yoast_head":"<!-- This site is optimized with the Yoast SEO plugin v27.4 - https:\/\/yoast.com\/product\/yoast-seo-wordpress\/ -->\n<title>Complaints, Damages, Returns - COOC Coffee Roasting Machines- Pra\u017ei\u010dky K\u00e1vy<\/title>\n<meta name=\"description\" content=\"COOC Dizajn a kon\u0161trukcia strojov na pra\u017ei\u010dky k\u00e1vy, Predaj \u010derstvo pra\u017een\u00e1 zrnkov\u00e1 k\u00e1va z z na\u0161ich miestnych pra\u017eiarn\u00ed na Slovensku.\" \/>\n<meta name=\"robots\" content=\"index, follow, max-snippet:-1, max-image-preview:large, max-video-preview:-1\" \/>\n<link rel=\"canonical\" href=\"https:\/\/www.coocroaster.com\/sk\/store\/\" \/>\n<meta property=\"og:locale\" content=\"sk_SK\" \/>\n<meta property=\"og:type\" content=\"article\" \/>\n<meta property=\"og:title\" content=\"Predaj \u010derstvo pra\u017een\u00e1 zrnkov\u00e1 k\u00e1va\" \/>\n<meta property=\"og:description\" content=\"COOC Dizajn a kon\u0161trukcia strojov na pra\u017ei\u010dky k\u00e1vy, Predaj \u010derstvo pra\u017een\u00e1 zrnkov\u00e1 k\u00e1va z z na\u0161ich miestnych pra\u017eiarn\u00ed na Slovensku.\" \/>\n<meta property=\"og:url\" content=\"https:\/\/www.coocroaster.com\/sk\/store\/\" \/>\n<meta property=\"og:site_name\" content=\"COOC Coffee Roasting Machines- Pra\u017ei\u010dky K\u00e1vy\" \/>\n<meta name=\"twitter:card\" content=\"summary_large_image\" \/>\n<meta name=\"twitter:title\" content=\"Predaj \u010derstvo pra\u017een\u00e1 zrnkov\u00e1 k\u00e1va\" \/>\n<meta name=\"twitter:description\" content=\"COOC Dizajn a kon\u0161trukcia strojov na pra\u017ei\u010dky k\u00e1vy, Predaj \u010derstvo pra\u017een\u00e1 zrnkov\u00e1 k\u00e1va z z na\u0161ich miestnych pra\u017eiarn\u00ed na Slovensku.\" \/>\n<meta name=\"twitter:label1\" content=\"Predpokladan\u00fd \u010das \u010d\u00edtania\" \/>\n\t<meta name=\"twitter:data1\" content=\"2 min\u00faty\" \/>\n<script type=\"application\/ld+json\" class=\"yoast-schema-graph\">{\"@context\":\"https:\\\/\\\/schema.org\",\"@graph\":[{\"@type\":\"WebPage\",\"@id\":\"https:\\\/\\\/www.coocroaster.com\\\/reklamacia-poskodeny-tovar-vratenie\\\/\",\"url\":\"https:\\\/\\\/www.coocroaster.com\\\/store\\\/\",\"name\":\"Complaints, Damages, Returns - COOC Coffee Roasting Machines- Pra\u017ei\u010dky K\u00e1vy\",\"isPartOf\":{\"@id\":\"https:\\\/\\\/www.coocroaster.com\\\/#website\"},\"datePublished\":\"2024-01-10T17:17:09+00:00\",\"description\":\"COOC Dizajn a kon\u0161trukcia strojov na pra\u017ei\u010dky k\u00e1vy, Predaj \u010derstvo pra\u017een\u00e1 zrnkov\u00e1 k\u00e1va z z na\u0161ich miestnych pra\u017eiarn\u00ed na Slovensku.\",\"breadcrumb\":{\"@id\":\"https:\\\/\\\/www.coocroaster.com\\\/store\\\/#breadcrumb\"},\"inLanguage\":\"sk-SK\",\"potentialAction\":[{\"@type\":\"ReadAction\",\"target\":[\"https:\\\/\\\/www.coocroaster.com\\\/store\\\/\"]}]},{\"@type\":\"BreadcrumbList\",\"@id\":\"https:\\\/\\\/www.coocroaster.com\\\/store\\\/#breadcrumb\",\"itemListElement\":[{\"@type\":\"ListItem\",\"position\":1,\"name\":\"Home\",\"item\":\"https:\\\/\\\/www.coocroaster.com\\\/\"},{\"@type\":\"ListItem\",\"position\":2,\"name\":\"Predaj \u010derstvo pra\u017een\u00e1 zrnkov\u00e1 k\u00e1va\"}]},{\"@type\":\"WebSite\",\"@id\":\"https:\\\/\\\/www.coocroaster.com\\\/#website\",\"url\":\"https:\\\/\\\/www.coocroaster.com\\\/\",\"name\":\"COOC Coffee Roasting Machines- Pra\u017ei\u010dky K\u00e1vy\",\"description\":\"Design and Construction of Coffee Roasting Machines\",\"potentialAction\":[{\"@type\":\"SearchAction\",\"target\":{\"@type\":\"EntryPoint\",\"urlTemplate\":\"https:\\\/\\\/www.coocroaster.com\\\/?s={search_term_string}\"},\"query-input\":{\"@type\":\"PropertyValueSpecification\",\"valueRequired\":true,\"valueName\":\"search_term_string\"}}],\"inLanguage\":\"sk-SK\"}]}<\/script>\n<!-- \/ Yoast SEO plugin. -->","yoast_head_json":{"title":"Complaints, Damages, Returns - COOC Coffee Roasting Machines- Pra\u017ei\u010dky K\u00e1vy","description":"COOC Dizajn a kon\u0161trukcia strojov na pra\u017ei\u010dky k\u00e1vy, Predaj \u010derstvo pra\u017een\u00e1 zrnkov\u00e1 k\u00e1va z z na\u0161ich miestnych pra\u017eiarn\u00ed na Slovensku.","robots":{"index":"index","follow":"follow","max-snippet":"max-snippet:-1","max-image-preview":"max-image-preview:large","max-video-preview":"max-video-preview:-1"},"canonical":"https:\/\/www.coocroaster.com\/sk\/store\/","og_locale":"sk_SK","og_type":"article","og_title":"Predaj \u010derstvo pra\u017een\u00e1 zrnkov\u00e1 k\u00e1va","og_description":"COOC Dizajn a kon\u0161trukcia strojov na pra\u017ei\u010dky k\u00e1vy, Predaj \u010derstvo pra\u017een\u00e1 zrnkov\u00e1 k\u00e1va z z na\u0161ich miestnych pra\u017eiarn\u00ed na Slovensku.","og_url":"https:\/\/www.coocroaster.com\/sk\/store\/","og_site_name":"COOC Coffee Roasting Machines- Pra\u017ei\u010dky K\u00e1vy","twitter_card":"summary_large_image","twitter_title":"Predaj \u010derstvo pra\u017een\u00e1 zrnkov\u00e1 k\u00e1va","twitter_description":"COOC Dizajn a kon\u0161trukcia strojov na pra\u017ei\u010dky k\u00e1vy, Predaj \u010derstvo pra\u017een\u00e1 zrnkov\u00e1 k\u00e1va z z na\u0161ich miestnych pra\u017eiarn\u00ed na Slovensku.","twitter_misc":{"Predpokladan\u00fd \u010das \u010d\u00edtania":"2 min\u00faty"},"schema":{"@context":"https:\/\/schema.org","@graph":[{"@type":"WebPage","@id":"https:\/\/www.coocroaster.com\/reklamacia-poskodeny-tovar-vratenie\/","url":"https:\/\/www.coocroaster.com\/store\/","name":"Complaints, Damages, Returns - COOC Coffee Roasting Machines- Pra\u017ei\u010dky K\u00e1vy","isPartOf":{"@id":"https:\/\/www.coocroaster.com\/#website"},"datePublished":"2024-01-10T17:17:09+00:00","description":"COOC Dizajn a kon\u0161trukcia strojov na pra\u017ei\u010dky k\u00e1vy, Predaj \u010derstvo pra\u017een\u00e1 zrnkov\u00e1 k\u00e1va z z na\u0161ich miestnych pra\u017eiarn\u00ed na Slovensku.","breadcrumb":{"@id":"https:\/\/www.coocroaster.com\/store\/#breadcrumb"},"inLanguage":"sk-SK","potentialAction":[{"@type":"ReadAction","target":["https:\/\/www.coocroaster.com\/store\/"]}]},{"@type":"BreadcrumbList","@id":"https:\/\/www.coocroaster.com\/store\/#breadcrumb","itemListElement":[{"@type":"ListItem","position":1,"name":"Home","item":"https:\/\/www.coocroaster.com\/"},{"@type":"ListItem","position":2,"name":"Predaj \u010derstvo pra\u017een\u00e1 zrnkov\u00e1 k\u00e1va"}]},{"@type":"WebSite","@id":"https:\/\/www.coocroaster.com\/#website","url":"https:\/\/www.coocroaster.com\/","name":"COOC Coffee Roasting Machines- Pra\u017ei\u010dky K\u00e1vy","description":"Design and Construction of Coffee Roasting Machines","potentialAction":[{"@type":"SearchAction","target":{"@type":"EntryPoint","urlTemplate":"https:\/\/www.coocroaster.com\/?s={search_term_string}"},"query-input":{"@type":"PropertyValueSpecification","valueRequired":true,"valueName":"search_term_string"}}],"inLanguage":"sk-SK"}]}},"_links":{"self":[{"href":"https:\/\/www.coocroaster.com\/sk\/wp-json\/wp\/v2\/pages\/11","targetHints":{"allow":["GET"]}}],"collection":[{"href":"https:\/\/www.coocroaster.com\/sk\/wp-json\/wp\/v2\/pages"}],"about":[{"href":"https:\/\/www.coocroaster.com\/sk\/wp-json\/wp\/v2\/types\/page"}],"author":[{"embeddable":true,"href":"https:\/\/www.coocroaster.com\/sk\/wp-json\/wp\/v2\/users\/1"}],"replies":[{"embeddable":true,"href":"https:\/\/www.coocroaster.com\/sk\/wp-json\/wp\/v2\/comments?post=11"}],"version-history":[{"count":0,"href":"https:\/\/www.coocroaster.com\/sk\/wp-json\/wp\/v2\/pages\/11\/revisions"}],"wp:attachment":[{"href":"https:\/\/www.coocroaster.com\/sk\/wp-json\/wp\/v2\/media?parent=11"}],"curies":[{"name":"wp","href":"https:\/\/api.w.org\/{rel}","templated":true}]}}