{"id":2412,"date":"2025-11-27T23:08:22","date_gmt":"2025-11-27T22:08:22","guid":{"rendered":"https:\/\/www.coocroaster.com\/cart-2\/"},"modified":"2025-12-16T11:17:32","modified_gmt":"2025-12-16T10:17:32","slug":"cart-2","status":"publish","type":"page","link":"https:\/\/www.coocroaster.com\/sk\/cart-2\/","title":{"rendered":"Cart"},"content":{"rendered":"<div id=\"wpeasycart_cart_holder\" style=\"position:relative; width:100%; min-height:350px;\" data-cart-page=\"1\" data-success-code=\"\" data-error-code=\"\" data-language=\"NONE\" data-nonce=\"bafbc25f68\"><style>\n\t@keyframes rotation{\n\t\t0% { transform:rotate(0deg); }\n\t\t100%{ transform:rotate(359deg); }\n\t}\n\t<\/style>\n\t<div style='font-family: \"HelveticaNeue\", \"HelveticaNeue-Light\", \"Helvetica Neue Light\", helvetica, arial, sans-serif; font-size: 14px; text-align: center; -webkit-box-sizing: border-box; -moz-box-sizing: border-box; -ms-box-sizing: border-box; box-sizing: border-box; width: 350px; top: 50%; left: 50%; position: absolute; margin-left: -165px; margin-top: -80px; cursor: pointer; text-align: center;'>\n\t\t<div>\n\t\t\t<div style=\"height: 30px; width: 30px; display: inline-block; box-sizing: content-box; opacity: 1; filter: alpha(opacity=100); -webkit-animation: rotation .7s infinite linear; -moz-animation: rotation .7s infinite linear; -o-animation: rotation .7s infinite linear; animation: rotation .7s infinite linear; border-left: 8px solid rgba(0, 0, 0, .2); border-right: 8px solid rgba(0, 0, 0, .2); border-bottom: 8px solid rgba(0, 0, 0, .2); border-top: 8px solid #fff; border-radius: 100%;\"><\/div>\n\t\t<\/div>\n\t<\/div><\/div>","protected":false},"excerpt":{"rendered":"","protected":false},"author":1,"featured_media":0,"parent":0,"menu_order":0,"comment_status":"closed","ping_status":"closed","template":"","meta":{"footnotes":""},"class_list":["post-2412","page","type-page","status-publish","hentry"],"yoast_head":"<!-- This site is optimized with the Yoast SEO plugin v27.5 - https:\/\/yoast.com\/product\/yoast-seo-wordpress\/ -->\n<title>Cart - COOC Coffee Roasting Machines- Pra\u017ei\u010dky K\u00e1vy<\/title>\n<meta name=\"robots\" content=\"index, follow, max-snippet:-1, max-image-preview:large, max-video-preview:-1\" \/>\n<link rel=\"canonical\" href=\"https:\/\/www.coocroaster.com\/sk\/cart-2\/\" \/>\n<meta property=\"og:locale\" content=\"sk_SK\" \/>\n<meta property=\"og:type\" content=\"article\" \/>\n<meta property=\"og:title\" content=\"Cart - COOC Coffee Roasting Machines- Pra\u017ei\u010dky K\u00e1vy\" \/>\n<meta property=\"og:url\" content=\"https:\/\/www.coocroaster.com\/sk\/cart-2\/\" \/>\n<meta property=\"og:site_name\" content=\"COOC Coffee Roasting Machines- Pra\u017ei\u010dky K\u00e1vy\" \/>\n<meta property=\"article:modified_time\" content=\"2025-12-16T10:17:32+00:00\" \/>\n<meta name=\"twitter:card\" content=\"summary_large_image\" \/>\n<meta name=\"twitter:label1\" content=\"Predpokladan\u00fd \u010das \u010d\u00edtania\" \/>\n\t<meta name=\"twitter:data1\" content=\"1 min\u00fata\" \/>\n<script type=\"application\/ld+json\" class=\"yoast-schema-graph\">{\"@context\":\"https:\\\/\\\/schema.org\",\"@graph\":[{\"@type\":\"WebPage\",\"@id\":\"https:\\\/\\\/www.coocroaster.com\\\/cart-2\\\/\",\"url\":\"https:\\\/\\\/www.coocroaster.com\\\/cart-2\\\/\",\"name\":\"Cart - COOC Coffee Roasting Machines- Pra\u017ei\u010dky K\u00e1vy\",\"isPartOf\":{\"@id\":\"https:\\\/\\\/www.coocroaster.com\\\/#website\"},\"datePublished\":\"2025-11-27T22:08:22+00:00\",\"dateModified\":\"2025-12-16T10:17:32+00:00\",\"breadcrumb\":{\"@id\":\"https:\\\/\\\/www.coocroaster.com\\\/cart-2\\\/#breadcrumb\"},\"inLanguage\":\"sk-SK\",\"potentialAction\":[{\"@type\":\"ReadAction\",\"target\":[\"https:\\\/\\\/www.coocroaster.com\\\/cart-2\\\/\"]}]},{\"@type\":\"BreadcrumbList\",\"@id\":\"https:\\\/\\\/www.coocroaster.com\\\/cart-2\\\/#breadcrumb\",\"itemListElement\":[{\"@type\":\"ListItem\",\"position\":1,\"name\":\"Home\",\"item\":\"https:\\\/\\\/www.coocroaster.com\\\/\"},{\"@type\":\"ListItem\",\"position\":2,\"name\":\"Cart\"}]},{\"@type\":\"WebSite\",\"@id\":\"https:\\\/\\\/www.coocroaster.com\\\/#website\",\"url\":\"https:\\\/\\\/www.coocroaster.com\\\/\",\"name\":\"COOC Coffee Roasting Machines- Pra\u017ei\u010dky K\u00e1vy\",\"description\":\"Design and Construction of Coffee Roasting Machines\",\"potentialAction\":[{\"@type\":\"SearchAction\",\"target\":{\"@type\":\"EntryPoint\",\"urlTemplate\":\"https:\\\/\\\/www.coocroaster.com\\\/?s={search_term_string}\"},\"query-input\":{\"@type\":\"PropertyValueSpecification\",\"valueRequired\":true,\"valueName\":\"search_term_string\"}}],\"inLanguage\":\"sk-SK\"}]}<\/script>\n<!-- \/ Yoast SEO plugin. -->","yoast_head_json":{"title":"Cart - COOC Coffee Roasting Machines- Pra\u017ei\u010dky K\u00e1vy","robots":{"index":"index","follow":"follow","max-snippet":"max-snippet:-1","max-image-preview":"max-image-preview:large","max-video-preview":"max-video-preview:-1"},"canonical":"https:\/\/www.coocroaster.com\/sk\/cart-2\/","og_locale":"sk_SK","og_type":"article","og_title":"Cart - COOC Coffee Roasting Machines- Pra\u017ei\u010dky K\u00e1vy","og_url":"https:\/\/www.coocroaster.com\/sk\/cart-2\/","og_site_name":"COOC Coffee Roasting Machines- Pra\u017ei\u010dky K\u00e1vy","article_modified_time":"2025-12-16T10:17:32+00:00","twitter_card":"summary_large_image","twitter_misc":{"Predpokladan\u00fd \u010das \u010d\u00edtania":"1 min\u00fata"},"schema":{"@context":"https:\/\/schema.org","@graph":[{"@type":"WebPage","@id":"https:\/\/www.coocroaster.com\/cart-2\/","url":"https:\/\/www.coocroaster.com\/cart-2\/","name":"Cart - COOC Coffee Roasting Machines- Pra\u017ei\u010dky K\u00e1vy","isPartOf":{"@id":"https:\/\/www.coocroaster.com\/#website"},"datePublished":"2025-11-27T22:08:22+00:00","dateModified":"2025-12-16T10:17:32+00:00","breadcrumb":{"@id":"https:\/\/www.coocroaster.com\/cart-2\/#breadcrumb"},"inLanguage":"sk-SK","potentialAction":[{"@type":"ReadAction","target":["https:\/\/www.coocroaster.com\/cart-2\/"]}]},{"@type":"BreadcrumbList","@id":"https:\/\/www.coocroaster.com\/cart-2\/#breadcrumb","itemListElement":[{"@type":"ListItem","position":1,"name":"Home","item":"https:\/\/www.coocroaster.com\/"},{"@type":"ListItem","position":2,"name":"Cart"}]},{"@type":"WebSite","@id":"https:\/\/www.coocroaster.com\/#website","url":"https:\/\/www.coocroaster.com\/","name":"COOC Coffee Roasting Machines- Pra\u017ei\u010dky K\u00e1vy","description":"Design and Construction of Coffee Roasting Machines","potentialAction":[{"@type":"SearchAction","target":{"@type":"EntryPoint","urlTemplate":"https:\/\/www.coocroaster.com\/?s={search_term_string}"},"query-input":{"@type":"PropertyValueSpecification","valueRequired":true,"valueName":"search_term_string"}}],"inLanguage":"sk-SK"}]}},"_links":{"self":[{"href":"https:\/\/www.coocroaster.com\/sk\/wp-json\/wp\/v2\/pages\/2412","targetHints":{"allow":["GET"]}}],"collection":[{"href":"https:\/\/www.coocroaster.com\/sk\/wp-json\/wp\/v2\/pages"}],"about":[{"href":"https:\/\/www.coocroaster.com\/sk\/wp-json\/wp\/v2\/types\/page"}],"author":[{"embeddable":true,"href":"https:\/\/www.coocroaster.com\/sk\/wp-json\/wp\/v2\/users\/1"}],"replies":[{"embeddable":true,"href":"https:\/\/www.coocroaster.com\/sk\/wp-json\/wp\/v2\/comments?post=2412"}],"version-history":[{"count":1,"href":"https:\/\/www.coocroaster.com\/sk\/wp-json\/wp\/v2\/pages\/2412\/revisions"}],"predecessor-version":[{"id":2417,"href":"https:\/\/www.coocroaster.com\/sk\/wp-json\/wp\/v2\/pages\/2412\/revisions\/2417"}],"wp:attachment":[{"href":"https:\/\/www.coocroaster.com\/sk\/wp-json\/wp\/v2\/media?parent=2412"}],"curies":[{"name":"wp","href":"https:\/\/api.w.org\/{rel}","templated":true}]}}